{"id":326,"date":"2016-12-14T11:36:27","date_gmt":"2016-12-14T10:36:27","guid":{"rendered":"https:\/\/dermatologie-esthetique-monaco.com\/?page_id=326\/"},"modified":"2018-01-09T11:49:51","modified_gmt":"2018-01-09T10:49:51","slug":"tattoo-removal","status":"publish","type":"page","link":"https:\/\/dermatologie-esthetique-monaco.com\/en\/laser\/tattoo-removal\/","title":{"rendered":"Tattoo removal"},"content":{"rendered":"<p>The Q switched laser has revolutionised the field of tattoo removal by allowing removal of most inks without any risk of scarring.<\/p>\n<p>The method can be applied to all types of amateur, professional or cosmetic tattoos.<\/p>\n<p>Through a photo-acoustic effect, laser rays produce fragmentation of the ink which is then removed by the natural elimination system of foreign bodies by the skin.<\/p>\n<p>Some colours such as green, turquoise blue and yellow are more difficult to treat.\/p&gt;<\/p>\n<p>Whitening of the skin and\/or slight bleeding at the point of application appear immediately on the treated tattoo. Scabs form a few hours later which disappear within 10 days.<\/p>\n<p>Sun protection is recommended until complete healing takes place.<\/p>\n<p>The number of necessary sessions varies according to the size of the tattoo, depth, density and colour of pigments. Sessions are carried out at intervals of 2 months.<\/p>\n<h2>Laser used at the Institute:<\/h2>\n<p>Q switched AlexTrivantage laser<\/p>\n","protected":false},"excerpt":{"rendered":"<p>The Q switched laser has revolutionised the field of tattoo removal by allowing removal of most inks without any risk of scarring. The method can be applied to all types of amateur, professional or cosmetic tattoos. Through a photo-acoustic effect, laser rays produce fragmentation of the ink which is then removed by the natural elimination [&hellip;]<\/p>\n","protected":false},"author":3,"featured_media":661,"parent":319,"menu_order":53,"comment_status":"closed","ping_status":"closed","template":"","meta":{"_acf_changed":false,"footnotes":""},"acf":[],"yoast_head":"<!-- This site is optimized with the Yoast SEO plugin v23.3 - https:\/\/yoast.com\/wordpress\/plugins\/seo\/ -->\n<title>Tattoo removal - Dermatologie Esth\u00e9tique Monaco<\/title>\n<meta name=\"description\" content=\"Nouvelle r\u00e9volution dans le d\u00e9tatouage avec le laser Pico Seconde en exclusivit\u00e9 \u00e0 Monaco (nice menton cannes): toutes les couleurs et plus rapide.\" \/>\n<meta name=\"robots\" content=\"index, follow, max-snippet:-1, max-image-preview:large, max-video-preview:-1\" \/>\n<link rel=\"canonical\" href=\"https:\/\/dermatologie-esthetique-monaco.com\/en\/laser\/tattoo-removal\/\" \/>\n<meta property=\"og:locale\" content=\"en_US\" \/>\n<meta property=\"og:type\" content=\"article\" \/>\n<meta property=\"og:title\" content=\"Tattoo removal - Dermatologie Esth\u00e9tique Monaco\" \/>\n<meta property=\"og:description\" content=\"Nouvelle r\u00e9volution dans le d\u00e9tatouage avec le laser Pico Seconde en exclusivit\u00e9 \u00e0 Monaco (nice menton cannes): toutes les couleurs et plus rapide.\" \/>\n<meta property=\"og:url\" content=\"https:\/\/dermatologie-esthetique-monaco.com\/en\/laser\/tattoo-removal\/\" \/>\n<meta property=\"og:site_name\" content=\"Dermatologie Esth\u00e9tique Monaco\" \/>\n<meta property=\"article:modified_time\" content=\"2018-01-09T10:49:51+00:00\" \/>\n<meta property=\"og:image\" content=\"https:\/\/dermatologie-esthetique-monaco.com\/wp-content\/uploads\/2018\/04\/ND4_2544.jpg\" \/>\n\t<meta property=\"og:image:width\" content=\"1024\" \/>\n\t<meta property=\"og:image:height\" content=\"682\" \/>\n\t<meta property=\"og:image:type\" content=\"image\/jpeg\" \/>\n<meta name=\"twitter:card\" content=\"summary_large_image\" \/>\n<meta name=\"twitter:label1\" content=\"Est. reading time\" \/>\n\t<meta name=\"twitter:data1\" content=\"1 minute\" \/>\n<script type=\"application\/ld+json\" class=\"yoast-schema-graph\">{\"@context\":\"https:\/\/schema.org\",\"@graph\":[{\"@type\":\"WebPage\",\"@id\":\"https:\/\/dermatologie-esthetique-monaco.com\/en\/laser\/tattoo-removal\/\",\"url\":\"https:\/\/dermatologie-esthetique-monaco.com\/en\/laser\/tattoo-removal\/\",\"name\":\"Tattoo removal - Dermatologie Esth\u00e9tique Monaco\",\"isPartOf\":{\"@id\":\"https:\/\/dermatologie-esthetique-monaco.com\/#website\"},\"primaryImageOfPage\":{\"@id\":\"https:\/\/dermatologie-esthetique-monaco.com\/en\/laser\/tattoo-removal\/#primaryimage\"},\"image\":{\"@id\":\"https:\/\/dermatologie-esthetique-monaco.com\/en\/laser\/tattoo-removal\/#primaryimage\"},\"thumbnailUrl\":\"https:\/\/dermatologie-esthetique-monaco.com\/wp-content\/uploads\/2018\/04\/ND4_2544.jpg\",\"datePublished\":\"2016-12-14T10:36:27+00:00\",\"dateModified\":\"2018-01-09T10:49:51+00:00\",\"description\":\"Nouvelle r\u00e9volution dans le d\u00e9tatouage avec le laser Pico Seconde en exclusivit\u00e9 \u00e0 Monaco (nice menton cannes): toutes les couleurs et plus rapide.\",\"breadcrumb\":{\"@id\":\"https:\/\/dermatologie-esthetique-monaco.com\/en\/laser\/tattoo-removal\/#breadcrumb\"},\"inLanguage\":\"en-US\",\"potentialAction\":[{\"@type\":\"ReadAction\",\"target\":[\"https:\/\/dermatologie-esthetique-monaco.com\/en\/laser\/tattoo-removal\/\"]}]},{\"@type\":\"ImageObject\",\"inLanguage\":\"en-US\",\"@id\":\"https:\/\/dermatologie-esthetique-monaco.com\/en\/laser\/tattoo-removal\/#primaryimage\",\"url\":\"https:\/\/dermatologie-esthetique-monaco.com\/wp-content\/uploads\/2018\/04\/ND4_2544.jpg\",\"contentUrl\":\"https:\/\/dermatologie-esthetique-monaco.com\/wp-content\/uploads\/2018\/04\/ND4_2544.jpg\",\"width\":3000,\"height\":1997},{\"@type\":\"BreadcrumbList\",\"@id\":\"https:\/\/dermatologie-esthetique-monaco.com\/en\/laser\/tattoo-removal\/#breadcrumb\",\"itemListElement\":[{\"@type\":\"ListItem\",\"position\":1,\"name\":\"Accueil\",\"item\":\"https:\/\/dermatologie-esthetique-monaco.com\/en\/\"},{\"@type\":\"ListItem\",\"position\":2,\"name\":\"LASER\",\"item\":\"https:\/\/dermatologie-esthetique-monaco.com\/en\/laser\/\"},{\"@type\":\"ListItem\",\"position\":3,\"name\":\"Tattoo removal\"}]},{\"@type\":\"WebSite\",\"@id\":\"https:\/\/dermatologie-esthetique-monaco.com\/#website\",\"url\":\"https:\/\/dermatologie-esthetique-monaco.com\/\",\"name\":\"Dermatologie Esth\u00e9tique Monaco\",\"description\":\"Un site utilisant WordPress\",\"potentialAction\":[{\"@type\":\"SearchAction\",\"target\":{\"@type\":\"EntryPoint\",\"urlTemplate\":\"https:\/\/dermatologie-esthetique-monaco.com\/?s={search_term_string}\"},\"query-input\":\"required name=search_term_string\"}],\"inLanguage\":\"en-US\"}]}<\/script>\n<!-- \/ Yoast SEO plugin. -->","yoast_head_json":{"title":"Tattoo removal - Dermatologie Esth\u00e9tique Monaco","description":"Nouvelle r\u00e9volution dans le d\u00e9tatouage avec le laser Pico Seconde en exclusivit\u00e9 \u00e0 Monaco (nice menton cannes): toutes les couleurs et plus rapide.","robots":{"index":"index","follow":"follow","max-snippet":"max-snippet:-1","max-image-preview":"max-image-preview:large","max-video-preview":"max-video-preview:-1"},"canonical":"https:\/\/dermatologie-esthetique-monaco.com\/en\/laser\/tattoo-removal\/","og_locale":"en_US","og_type":"article","og_title":"Tattoo removal - Dermatologie Esth\u00e9tique Monaco","og_description":"Nouvelle r\u00e9volution dans le d\u00e9tatouage avec le laser Pico Seconde en exclusivit\u00e9 \u00e0 Monaco (nice menton cannes): toutes les couleurs et plus rapide.","og_url":"https:\/\/dermatologie-esthetique-monaco.com\/en\/laser\/tattoo-removal\/","og_site_name":"Dermatologie Esth\u00e9tique Monaco","article_modified_time":"2018-01-09T10:49:51+00:00","og_image":[{"url":"https:\/\/dermatologie-esthetique-monaco.com\/wp-content\/uploads\/2018\/04\/ND4_2544.jpg","width":1024,"height":682,"type":"image\/jpeg"}],"twitter_card":"summary_large_image","twitter_misc":{"Est. reading time":"1 minute"},"schema":{"@context":"https:\/\/schema.org","@graph":[{"@type":"WebPage","@id":"https:\/\/dermatologie-esthetique-monaco.com\/en\/laser\/tattoo-removal\/","url":"https:\/\/dermatologie-esthetique-monaco.com\/en\/laser\/tattoo-removal\/","name":"Tattoo removal - Dermatologie Esth\u00e9tique Monaco","isPartOf":{"@id":"https:\/\/dermatologie-esthetique-monaco.com\/#website"},"primaryImageOfPage":{"@id":"https:\/\/dermatologie-esthetique-monaco.com\/en\/laser\/tattoo-removal\/#primaryimage"},"image":{"@id":"https:\/\/dermatologie-esthetique-monaco.com\/en\/laser\/tattoo-removal\/#primaryimage"},"thumbnailUrl":"https:\/\/dermatologie-esthetique-monaco.com\/wp-content\/uploads\/2018\/04\/ND4_2544.jpg","datePublished":"2016-12-14T10:36:27+00:00","dateModified":"2018-01-09T10:49:51+00:00","description":"Nouvelle r\u00e9volution dans le d\u00e9tatouage avec le laser Pico Seconde en exclusivit\u00e9 \u00e0 Monaco (nice menton cannes): toutes les couleurs et plus rapide.","breadcrumb":{"@id":"https:\/\/dermatologie-esthetique-monaco.com\/en\/laser\/tattoo-removal\/#breadcrumb"},"inLanguage":"en-US","potentialAction":[{"@type":"ReadAction","target":["https:\/\/dermatologie-esthetique-monaco.com\/en\/laser\/tattoo-removal\/"]}]},{"@type":"ImageObject","inLanguage":"en-US","@id":"https:\/\/dermatologie-esthetique-monaco.com\/en\/laser\/tattoo-removal\/#primaryimage","url":"https:\/\/dermatologie-esthetique-monaco.com\/wp-content\/uploads\/2018\/04\/ND4_2544.jpg","contentUrl":"https:\/\/dermatologie-esthetique-monaco.com\/wp-content\/uploads\/2018\/04\/ND4_2544.jpg","width":3000,"height":1997},{"@type":"BreadcrumbList","@id":"https:\/\/dermatologie-esthetique-monaco.com\/en\/laser\/tattoo-removal\/#breadcrumb","itemListElement":[{"@type":"ListItem","position":1,"name":"Accueil","item":"https:\/\/dermatologie-esthetique-monaco.com\/en\/"},{"@type":"ListItem","position":2,"name":"LASER","item":"https:\/\/dermatologie-esthetique-monaco.com\/en\/laser\/"},{"@type":"ListItem","position":3,"name":"Tattoo removal"}]},{"@type":"WebSite","@id":"https:\/\/dermatologie-esthetique-monaco.com\/#website","url":"https:\/\/dermatologie-esthetique-monaco.com\/","name":"Dermatologie Esth\u00e9tique Monaco","description":"Un site utilisant WordPress","potentialAction":[{"@type":"SearchAction","target":{"@type":"EntryPoint","urlTemplate":"https:\/\/dermatologie-esthetique-monaco.com\/?s={search_term_string}"},"query-input":"required name=search_term_string"}],"inLanguage":"en-US"}]}},"_links":{"self":[{"href":"https:\/\/dermatologie-esthetique-monaco.com\/en\/wp-json\/wp\/v2\/pages\/326"}],"collection":[{"href":"https:\/\/dermatologie-esthetique-monaco.com\/en\/wp-json\/wp\/v2\/pages"}],"about":[{"href":"https:\/\/dermatologie-esthetique-monaco.com\/en\/wp-json\/wp\/v2\/types\/page"}],"author":[{"embeddable":true,"href":"https:\/\/dermatologie-esthetique-monaco.com\/en\/wp-json\/wp\/v2\/users\/3"}],"replies":[{"embeddable":true,"href":"https:\/\/dermatologie-esthetique-monaco.com\/en\/wp-json\/wp\/v2\/comments?post=326"}],"version-history":[{"count":2,"href":"https:\/\/dermatologie-esthetique-monaco.com\/en\/wp-json\/wp\/v2\/pages\/326\/revisions"}],"predecessor-version":[{"id":527,"href":"https:\/\/dermatologie-esthetique-monaco.com\/en\/wp-json\/wp\/v2\/pages\/326\/revisions\/527"}],"up":[{"embeddable":true,"href":"https:\/\/dermatologie-esthetique-monaco.com\/en\/wp-json\/wp\/v2\/pages\/319"}],"wp:featuredmedia":[{"embeddable":true,"href":"https:\/\/dermatologie-esthetique-monaco.com\/en\/wp-json\/wp\/v2\/media\/661"}],"wp:attachment":[{"href":"https:\/\/dermatologie-esthetique-monaco.com\/en\/wp-json\/wp\/v2\/media?parent=326"}],"curies":[{"name":"wp","href":"https:\/\/api.w.org\/{rel}","templated":true}]}}