{"id":389,"date":"2017-04-13T15:54:35","date_gmt":"2017-04-13T13:54:35","guid":{"rendered":"https:\/\/dermatologie-esthetique-monaco.com\/accueil\/"},"modified":"2019-09-05T12:06:51","modified_gmt":"2019-09-05T10:06:51","slug":"accueil","status":"publish","type":"page","link":"https:\/\/dermatologie-esthetique-monaco.com\/en\/","title":{"rendered":"Home"},"content":{"rendered":"<h3>The institute<\/h3>\n<p>The Monaco Dermatology and Laser Institute specialises in cosmetic and interventional medical dermatology.<\/p>\n<p>At the cutting edge of modern techniques, the centre is equipped with the latest-generation lasers offering patients the possibility of benefiting from the most recent technological advances.<\/p>\n","protected":false},"excerpt":{"rendered":"<p>The institute The Monaco Dermatology and Laser Institute specialises in cosmetic and interventional medical dermatology. At the cutting edge of modern techniques, the centre is equipped with the latest-generation lasers offering patients the possibility of benefiting from the most recent technological advances.<\/p>\n","protected":false},"author":3,"featured_media":0,"parent":0,"menu_order":3,"comment_status":"closed","ping_status":"closed","template":"tpl-accueil.php","meta":{"_acf_changed":false,"footnotes":""},"acf":[],"yoast_head":"<!-- This site is optimized with the Yoast SEO plugin v23.3 - https:\/\/yoast.com\/wordpress\/plugins\/seo\/ -->\n<title>Institut dermatologique laser \u00e0 Monaco - Dr Brunner<\/title>\n<meta name=\"description\" content=\"Etablissement sp\u00e9cialis\u00e9 en dermatologie m\u00e9dicale, en m\u00e9decine esth\u00e9tique. Le centre est \u00e9quip\u00e9 de lasers de derni\u00e8ne g\u00e9n\u00e9ration.\" \/>\n<meta name=\"robots\" content=\"index, follow, max-snippet:-1, max-image-preview:large, max-video-preview:-1\" \/>\n<link rel=\"canonical\" href=\"https:\/\/dermatologie-esthetique-monaco.com\/en\/\" \/>\n<meta property=\"og:locale\" content=\"en_US\" \/>\n<meta property=\"og:type\" content=\"article\" \/>\n<meta property=\"og:title\" content=\"Institut dermatologique laser \u00e0 Monaco - Dr Brunner\" \/>\n<meta property=\"og:description\" content=\"Etablissement sp\u00e9cialis\u00e9 en dermatologie m\u00e9dicale, en m\u00e9decine esth\u00e9tique. Le centre est \u00e9quip\u00e9 de lasers de derni\u00e8ne g\u00e9n\u00e9ration.\" \/>\n<meta property=\"og:url\" content=\"https:\/\/dermatologie-esthetique-monaco.com\/en\/\" \/>\n<meta property=\"og:site_name\" content=\"Dermatologie Esth\u00e9tique Monaco\" \/>\n<meta property=\"article:modified_time\" content=\"2019-09-05T10:06:51+00:00\" \/>\n<meta name=\"twitter:card\" content=\"summary_large_image\" \/>\n<script type=\"application\/ld+json\" class=\"yoast-schema-graph\">{\"@context\":\"https:\/\/schema.org\",\"@graph\":[{\"@type\":\"WebPage\",\"@id\":\"https:\/\/dermatologie-esthetique-monaco.com\/en\/\",\"url\":\"https:\/\/dermatologie-esthetique-monaco.com\/en\/\",\"name\":\"Institut dermatologique laser \u00e0 Monaco - Dr Brunner\",\"isPartOf\":{\"@id\":\"https:\/\/dermatologie-esthetique-monaco.com\/#website\"},\"datePublished\":\"2017-04-13T13:54:35+00:00\",\"dateModified\":\"2019-09-05T10:06:51+00:00\",\"description\":\"Etablissement sp\u00e9cialis\u00e9 en dermatologie m\u00e9dicale, en m\u00e9decine esth\u00e9tique. Le centre est \u00e9quip\u00e9 de lasers de derni\u00e8ne g\u00e9n\u00e9ration.\",\"breadcrumb\":{\"@id\":\"https:\/\/dermatologie-esthetique-monaco.com\/en\/#breadcrumb\"},\"inLanguage\":\"en-US\",\"potentialAction\":[{\"@type\":\"ReadAction\",\"target\":[\"https:\/\/dermatologie-esthetique-monaco.com\/en\/\"]}]},{\"@type\":\"BreadcrumbList\",\"@id\":\"https:\/\/dermatologie-esthetique-monaco.com\/en\/#breadcrumb\",\"itemListElement\":[{\"@type\":\"ListItem\",\"position\":1,\"name\":\"Accueil\",\"item\":\"https:\/\/dermatologie-esthetique-monaco.com\/en\/\"},{\"@type\":\"ListItem\",\"position\":2,\"name\":\"Home\"}]},{\"@type\":\"WebSite\",\"@id\":\"https:\/\/dermatologie-esthetique-monaco.com\/#website\",\"url\":\"https:\/\/dermatologie-esthetique-monaco.com\/\",\"name\":\"Dermatologie Esth\u00e9tique Monaco\",\"description\":\"Un site utilisant WordPress\",\"potentialAction\":[{\"@type\":\"SearchAction\",\"target\":{\"@type\":\"EntryPoint\",\"urlTemplate\":\"https:\/\/dermatologie-esthetique-monaco.com\/?s={search_term_string}\"},\"query-input\":\"required name=search_term_string\"}],\"inLanguage\":\"en-US\"}]}<\/script>\n<!-- \/ Yoast SEO plugin. -->","yoast_head_json":{"title":"Institut dermatologique laser \u00e0 Monaco - Dr Brunner","description":"Etablissement sp\u00e9cialis\u00e9 en dermatologie m\u00e9dicale, en m\u00e9decine esth\u00e9tique. Le centre est \u00e9quip\u00e9 de lasers de derni\u00e8ne g\u00e9n\u00e9ration.","robots":{"index":"index","follow":"follow","max-snippet":"max-snippet:-1","max-image-preview":"max-image-preview:large","max-video-preview":"max-video-preview:-1"},"canonical":"https:\/\/dermatologie-esthetique-monaco.com\/en\/","og_locale":"en_US","og_type":"article","og_title":"Institut dermatologique laser \u00e0 Monaco - Dr Brunner","og_description":"Etablissement sp\u00e9cialis\u00e9 en dermatologie m\u00e9dicale, en m\u00e9decine esth\u00e9tique. Le centre est \u00e9quip\u00e9 de lasers de derni\u00e8ne g\u00e9n\u00e9ration.","og_url":"https:\/\/dermatologie-esthetique-monaco.com\/en\/","og_site_name":"Dermatologie Esth\u00e9tique Monaco","article_modified_time":"2019-09-05T10:06:51+00:00","twitter_card":"summary_large_image","schema":{"@context":"https:\/\/schema.org","@graph":[{"@type":"WebPage","@id":"https:\/\/dermatologie-esthetique-monaco.com\/en\/","url":"https:\/\/dermatologie-esthetique-monaco.com\/en\/","name":"Institut dermatologique laser \u00e0 Monaco - Dr Brunner","isPartOf":{"@id":"https:\/\/dermatologie-esthetique-monaco.com\/#website"},"datePublished":"2017-04-13T13:54:35+00:00","dateModified":"2019-09-05T10:06:51+00:00","description":"Etablissement sp\u00e9cialis\u00e9 en dermatologie m\u00e9dicale, en m\u00e9decine esth\u00e9tique. Le centre est \u00e9quip\u00e9 de lasers de derni\u00e8ne g\u00e9n\u00e9ration.","breadcrumb":{"@id":"https:\/\/dermatologie-esthetique-monaco.com\/en\/#breadcrumb"},"inLanguage":"en-US","potentialAction":[{"@type":"ReadAction","target":["https:\/\/dermatologie-esthetique-monaco.com\/en\/"]}]},{"@type":"BreadcrumbList","@id":"https:\/\/dermatologie-esthetique-monaco.com\/en\/#breadcrumb","itemListElement":[{"@type":"ListItem","position":1,"name":"Accueil","item":"https:\/\/dermatologie-esthetique-monaco.com\/en\/"},{"@type":"ListItem","position":2,"name":"Home"}]},{"@type":"WebSite","@id":"https:\/\/dermatologie-esthetique-monaco.com\/#website","url":"https:\/\/dermatologie-esthetique-monaco.com\/","name":"Dermatologie Esth\u00e9tique Monaco","description":"Un site utilisant WordPress","potentialAction":[{"@type":"SearchAction","target":{"@type":"EntryPoint","urlTemplate":"https:\/\/dermatologie-esthetique-monaco.com\/?s={search_term_string}"},"query-input":"required name=search_term_string"}],"inLanguage":"en-US"}]}},"_links":{"self":[{"href":"https:\/\/dermatologie-esthetique-monaco.com\/en\/wp-json\/wp\/v2\/pages\/389"}],"collection":[{"href":"https:\/\/dermatologie-esthetique-monaco.com\/en\/wp-json\/wp\/v2\/pages"}],"about":[{"href":"https:\/\/dermatologie-esthetique-monaco.com\/en\/wp-json\/wp\/v2\/types\/page"}],"author":[{"embeddable":true,"href":"https:\/\/dermatologie-esthetique-monaco.com\/en\/wp-json\/wp\/v2\/users\/3"}],"replies":[{"embeddable":true,"href":"https:\/\/dermatologie-esthetique-monaco.com\/en\/wp-json\/wp\/v2\/comments?post=389"}],"version-history":[{"count":5,"href":"https:\/\/dermatologie-esthetique-monaco.com\/en\/wp-json\/wp\/v2\/pages\/389\/revisions"}],"predecessor-version":[{"id":966,"href":"https:\/\/dermatologie-esthetique-monaco.com\/en\/wp-json\/wp\/v2\/pages\/389\/revisions\/966"}],"wp:attachment":[{"href":"https:\/\/dermatologie-esthetique-monaco.com\/en\/wp-json\/wp\/v2\/media?parent=389"}],"curies":[{"name":"wp","href":"https:\/\/api.w.org\/{rel}","templated":true}]}}