{"id":867,"date":"2018-04-11T10:06:34","date_gmt":"2018-04-11T08:06:34","guid":{"rendered":"https:\/\/dermatologie-esthetique-monaco.com\/the-institute\/lequipe\/"},"modified":"2018-06-18T09:31:54","modified_gmt":"2018-06-18T07:31:54","slug":"lequipe","status":"publish","type":"page","link":"https:\/\/dermatologie-esthetique-monaco.com\/en\/the-institute\/lequipe\/","title":{"rendered":"The team"},"content":{"rendered":"<h3><\/h3>\n<h3><img decoding=\"async\" class=\"alignleft wp-image-768\" src=\"https:\/\/dermatologie-esthetique-monaco.com\/wp-content\/uploads\/2018\/05\/ND4_2253.jpg\" alt=\"\" width=\"166\" height=\"250\" \/><\/h3>\n<h3>Dr Claudette Brunner<\/h3>\n<h3>M\u00e9decin sp\u00e9cialiste en dermatologie, ancien interne des h\u00f4pitaux de Nice<\/h3>\n<p>Membre de la Soci\u00e9t\u00e9 Fran\u00e7aise de Dermatologie (SFD)<br \/>\nMembre de la Soci\u00e9t\u00e9 Fran\u00e7aise de Dermatologie P\u00e9diatrique (SFDP)<br \/>\nMembre du groupe Laser de la Soci\u00e9t\u00e9 Fran\u00e7aise de Dermatologie<br \/>\nMembre du groupe de Dermatologie Esth\u00e9tique et Correctrice de la Soci\u00e9t\u00e9 Fran\u00e7aise de Dermatologie (gDEC)<br \/>\nMembre de l&#8217;Association de Dermatologie Esth\u00e9tique du Sud Est (ADDESSE)<br \/>\nMembre de la Soci\u00e9t\u00e9 Avanc\u00e9e de M\u00e9decine et de Chirurgie Esth\u00e9tique et Plastique (SAMCEP)<\/p>\n<p>&nbsp;<\/p>\n<h3><img decoding=\"async\" class=\"alignleft wp-image-674\" src=\"https:\/\/dermatologie-esthetique-monaco.com\/wp-content\/uploads\/2018\/04\/ND4_5278.jpg\" alt=\"\" width=\"166\" height=\"236\" srcset=\"https:\/\/dermatologie-esthetique-monaco.com\/wp-content\/uploads\/2018\/04\/ND4_5278.jpg 3280w, https:\/\/dermatologie-esthetique-monaco.com\/wp-content\/uploads\/2018\/04\/ND4_5278-211x300.jpg 211w, https:\/\/dermatologie-esthetique-monaco.com\/wp-content\/uploads\/2018\/04\/ND4_5278-768x1093.jpg 768w, https:\/\/dermatologie-esthetique-monaco.com\/wp-content\/uploads\/2018\/04\/ND4_5278-720x1024.jpg 720w\" sizes=\"(max-width: 166px) 100vw, 166px\" \/>Dr Vincent Marli\u00e8re<\/h3>\n<h3>M\u00e9decin sp\u00e9cialiste en dermatologie, ancien interne, ancien chef de clinique assistant des H\u00f4pitaux de Bordeaux<\/h3>\n<p>Membre de la Soci\u00e9t\u00e9 Fran\u00e7aise de Dermatologie (SFD)<br \/>\nMembre de la Soci\u00e9t\u00e9 Fran\u00e7aise de Dermatologie P\u00e9diatrique (SFDP)<br \/>\nMembre de l\u2019European Academy of Dermatology and Venereology (EADV)<\/p>\n<p>&nbsp;<\/p>\n<p>&nbsp;<\/p>\n<p><img decoding=\"async\" class=\"alignleft wp-image-677\" src=\"https:\/\/dermatologie-esthetique-monaco.com\/wp-content\/uploads\/2018\/04\/ND4_2412.jpg\" alt=\"\" width=\"166\" height=\"262\" srcset=\"https:\/\/dermatologie-esthetique-monaco.com\/wp-content\/uploads\/2018\/04\/ND4_2412.jpg 1902w, https:\/\/dermatologie-esthetique-monaco.com\/wp-content\/uploads\/2018\/04\/ND4_2412-190x300.jpg 190w, https:\/\/dermatologie-esthetique-monaco.com\/wp-content\/uploads\/2018\/04\/ND4_2412-768x1211.jpg 768w, https:\/\/dermatologie-esthetique-monaco.com\/wp-content\/uploads\/2018\/04\/ND4_2412-649x1024.jpg 649w\" sizes=\"(max-width: 166px) 100vw, 166px\" \/><\/p>\n<h3>Sandrine<\/h3>\n<h3>Assistante \u00e0 l\u2019Institut depuis sa cr\u00e9ation<\/h3>\n<p>Elle est votre premier contact, elle r\u00e9pondra \u00e0 toutes vos questions et attentes<\/p>\n<p>&nbsp;<\/p>\n<h3><\/h3>\n<p>&nbsp;<\/p>\n<p>&nbsp;<\/p>\n<p>&nbsp;<\/p>\n<p>&nbsp;<\/p>\n<p><img decoding=\"async\" class=\"alignleft wp-image-679\" src=\"https:\/\/dermatologie-esthetique-monaco.com\/wp-content\/uploads\/2018\/04\/ND4_2481.jpg\" alt=\"\" width=\"166\" height=\"250\" srcset=\"https:\/\/dermatologie-esthetique-monaco.com\/wp-content\/uploads\/2018\/04\/ND4_2481.jpg 1997w, https:\/\/dermatologie-esthetique-monaco.com\/wp-content\/uploads\/2018\/04\/ND4_2481-200x300.jpg 200w, https:\/\/dermatologie-esthetique-monaco.com\/wp-content\/uploads\/2018\/04\/ND4_2481-768x1154.jpg 768w, https:\/\/dermatologie-esthetique-monaco.com\/wp-content\/uploads\/2018\/04\/ND4_2481-682x1024.jpg 682w\" sizes=\"(max-width: 166px) 100vw, 166px\" \/><\/p>\n<h3>Sandrine<\/h3>\n<h3>Assistante en laser \u00e9pilatoire et en soins esth\u00e9tiques<\/h3>\n<p>Elle saura vous donner les conseils les plus appropri\u00e9s<\/p>\n","protected":false},"excerpt":{"rendered":"<p>Dr Claudette Brunner M\u00e9decin sp\u00e9cialiste en dermatologie, ancien interne des h\u00f4pitaux de Nice Membre de la Soci\u00e9t\u00e9 Fran\u00e7aise de Dermatologie (SFD) Membre de la Soci\u00e9t\u00e9 Fran\u00e7aise de Dermatologie P\u00e9diatrique (SFDP) Membre du groupe Laser de la Soci\u00e9t\u00e9 Fran\u00e7aise de Dermatologie Membre du groupe de Dermatologie Esth\u00e9tique et Correctrice de la Soci\u00e9t\u00e9 Fran\u00e7aise de Dermatologie (gDEC) [&hellip;]<\/p>\n","protected":false},"author":3,"featured_media":566,"parent":272,"menu_order":9,"comment_status":"closed","ping_status":"closed","template":"","meta":{"_acf_changed":false,"footnotes":""},"acf":[],"yoast_head":"<!-- This site is optimized with the Yoast SEO plugin v23.3 - https:\/\/yoast.com\/wordpress\/plugins\/seo\/ -->\n<title>The team - Dermatologie Esth\u00e9tique Monaco<\/title>\n<meta name=\"robots\" content=\"index, follow, max-snippet:-1, max-image-preview:large, max-video-preview:-1\" \/>\n<link rel=\"canonical\" href=\"https:\/\/dermatologie-esthetique-monaco.com\/en\/the-institute\/lequipe\/\" \/>\n<meta property=\"og:locale\" content=\"en_US\" \/>\n<meta property=\"og:type\" content=\"article\" \/>\n<meta property=\"og:title\" content=\"The team - Dermatologie Esth\u00e9tique Monaco\" \/>\n<meta property=\"og:description\" content=\"Dr Claudette Brunner M\u00e9decin sp\u00e9cialiste en dermatologie, ancien interne des h\u00f4pitaux de Nice Membre de la Soci\u00e9t\u00e9 Fran\u00e7aise de Dermatologie (SFD) Membre de la Soci\u00e9t\u00e9 Fran\u00e7aise de Dermatologie P\u00e9diatrique (SFDP) Membre du groupe Laser de la Soci\u00e9t\u00e9 Fran\u00e7aise de Dermatologie Membre du groupe de Dermatologie Esth\u00e9tique et Correctrice de la Soci\u00e9t\u00e9 Fran\u00e7aise de Dermatologie (gDEC) [&hellip;]\" \/>\n<meta property=\"og:url\" content=\"https:\/\/dermatologie-esthetique-monaco.com\/en\/the-institute\/lequipe\/\" \/>\n<meta property=\"og:site_name\" content=\"Dermatologie Esth\u00e9tique Monaco\" \/>\n<meta property=\"article:modified_time\" content=\"2018-06-18T07:31:54+00:00\" \/>\n<meta property=\"og:image\" content=\"https:\/\/dermatologie-esthetique-monaco.com\/wp-content\/uploads\/2018\/04\/team.jpg\" \/>\n\t<meta property=\"og:image:width\" content=\"2100\" \/>\n\t<meta property=\"og:image:height\" content=\"659\" \/>\n\t<meta property=\"og:image:type\" content=\"image\/jpeg\" \/>\n<meta name=\"twitter:card\" content=\"summary_large_image\" \/>\n<meta name=\"twitter:label1\" content=\"Est. reading time\" \/>\n\t<meta name=\"twitter:data1\" content=\"1 minute\" \/>\n<script type=\"application\/ld+json\" class=\"yoast-schema-graph\">{\"@context\":\"https:\/\/schema.org\",\"@graph\":[{\"@type\":\"WebPage\",\"@id\":\"https:\/\/dermatologie-esthetique-monaco.com\/en\/the-institute\/lequipe\/\",\"url\":\"https:\/\/dermatologie-esthetique-monaco.com\/en\/the-institute\/lequipe\/\",\"name\":\"The team - Dermatologie Esth\u00e9tique Monaco\",\"isPartOf\":{\"@id\":\"https:\/\/dermatologie-esthetique-monaco.com\/#website\"},\"primaryImageOfPage\":{\"@id\":\"https:\/\/dermatologie-esthetique-monaco.com\/en\/the-institute\/lequipe\/#primaryimage\"},\"image\":{\"@id\":\"https:\/\/dermatologie-esthetique-monaco.com\/en\/the-institute\/lequipe\/#primaryimage\"},\"thumbnailUrl\":\"https:\/\/dermatologie-esthetique-monaco.com\/wp-content\/uploads\/2018\/02\/home.jpg\",\"datePublished\":\"2018-04-11T08:06:34+00:00\",\"dateModified\":\"2018-06-18T07:31:54+00:00\",\"breadcrumb\":{\"@id\":\"https:\/\/dermatologie-esthetique-monaco.com\/en\/the-institute\/lequipe\/#breadcrumb\"},\"inLanguage\":\"en-US\",\"potentialAction\":[{\"@type\":\"ReadAction\",\"target\":[\"https:\/\/dermatologie-esthetique-monaco.com\/en\/the-institute\/lequipe\/\"]}]},{\"@type\":\"ImageObject\",\"inLanguage\":\"en-US\",\"@id\":\"https:\/\/dermatologie-esthetique-monaco.com\/en\/the-institute\/lequipe\/#primaryimage\",\"url\":\"https:\/\/dermatologie-esthetique-monaco.com\/wp-content\/uploads\/2018\/02\/home.jpg\",\"contentUrl\":\"https:\/\/dermatologie-esthetique-monaco.com\/wp-content\/uploads\/2018\/02\/home.jpg\",\"width\":1935,\"height\":1321},{\"@type\":\"BreadcrumbList\",\"@id\":\"https:\/\/dermatologie-esthetique-monaco.com\/en\/the-institute\/lequipe\/#breadcrumb\",\"itemListElement\":[{\"@type\":\"ListItem\",\"position\":1,\"name\":\"Accueil\",\"item\":\"https:\/\/dermatologie-esthetique-monaco.com\/en\/\"},{\"@type\":\"ListItem\",\"position\":2,\"name\":\"THE INSTITUTE\",\"item\":\"https:\/\/dermatologie-esthetique-monaco.com\/en\/the-institute\/\"},{\"@type\":\"ListItem\",\"position\":3,\"name\":\"The team\"}]},{\"@type\":\"WebSite\",\"@id\":\"https:\/\/dermatologie-esthetique-monaco.com\/#website\",\"url\":\"https:\/\/dermatologie-esthetique-monaco.com\/\",\"name\":\"Dermatologie Esth\u00e9tique Monaco\",\"description\":\"Un site utilisant WordPress\",\"potentialAction\":[{\"@type\":\"SearchAction\",\"target\":{\"@type\":\"EntryPoint\",\"urlTemplate\":\"https:\/\/dermatologie-esthetique-monaco.com\/?s={search_term_string}\"},\"query-input\":\"required name=search_term_string\"}],\"inLanguage\":\"en-US\"}]}<\/script>\n<!-- \/ Yoast SEO plugin. -->","yoast_head_json":{"title":"The team - Dermatologie Esth\u00e9tique Monaco","robots":{"index":"index","follow":"follow","max-snippet":"max-snippet:-1","max-image-preview":"max-image-preview:large","max-video-preview":"max-video-preview:-1"},"canonical":"https:\/\/dermatologie-esthetique-monaco.com\/en\/the-institute\/lequipe\/","og_locale":"en_US","og_type":"article","og_title":"The team - Dermatologie Esth\u00e9tique Monaco","og_description":"Dr Claudette Brunner M\u00e9decin sp\u00e9cialiste en dermatologie, ancien interne des h\u00f4pitaux de Nice Membre de la Soci\u00e9t\u00e9 Fran\u00e7aise de Dermatologie (SFD) Membre de la Soci\u00e9t\u00e9 Fran\u00e7aise de Dermatologie P\u00e9diatrique (SFDP) Membre du groupe Laser de la Soci\u00e9t\u00e9 Fran\u00e7aise de Dermatologie Membre du groupe de Dermatologie Esth\u00e9tique et Correctrice de la Soci\u00e9t\u00e9 Fran\u00e7aise de Dermatologie (gDEC) [&hellip;]","og_url":"https:\/\/dermatologie-esthetique-monaco.com\/en\/the-institute\/lequipe\/","og_site_name":"Dermatologie Esth\u00e9tique Monaco","article_modified_time":"2018-06-18T07:31:54+00:00","og_image":[{"width":2100,"height":659,"url":"https:\/\/dermatologie-esthetique-monaco.com\/wp-content\/uploads\/2018\/04\/team.jpg","type":"image\/jpeg"}],"twitter_card":"summary_large_image","twitter_misc":{"Est. reading time":"1 minute"},"schema":{"@context":"https:\/\/schema.org","@graph":[{"@type":"WebPage","@id":"https:\/\/dermatologie-esthetique-monaco.com\/en\/the-institute\/lequipe\/","url":"https:\/\/dermatologie-esthetique-monaco.com\/en\/the-institute\/lequipe\/","name":"The team - Dermatologie Esth\u00e9tique Monaco","isPartOf":{"@id":"https:\/\/dermatologie-esthetique-monaco.com\/#website"},"primaryImageOfPage":{"@id":"https:\/\/dermatologie-esthetique-monaco.com\/en\/the-institute\/lequipe\/#primaryimage"},"image":{"@id":"https:\/\/dermatologie-esthetique-monaco.com\/en\/the-institute\/lequipe\/#primaryimage"},"thumbnailUrl":"https:\/\/dermatologie-esthetique-monaco.com\/wp-content\/uploads\/2018\/02\/home.jpg","datePublished":"2018-04-11T08:06:34+00:00","dateModified":"2018-06-18T07:31:54+00:00","breadcrumb":{"@id":"https:\/\/dermatologie-esthetique-monaco.com\/en\/the-institute\/lequipe\/#breadcrumb"},"inLanguage":"en-US","potentialAction":[{"@type":"ReadAction","target":["https:\/\/dermatologie-esthetique-monaco.com\/en\/the-institute\/lequipe\/"]}]},{"@type":"ImageObject","inLanguage":"en-US","@id":"https:\/\/dermatologie-esthetique-monaco.com\/en\/the-institute\/lequipe\/#primaryimage","url":"https:\/\/dermatologie-esthetique-monaco.com\/wp-content\/uploads\/2018\/02\/home.jpg","contentUrl":"https:\/\/dermatologie-esthetique-monaco.com\/wp-content\/uploads\/2018\/02\/home.jpg","width":1935,"height":1321},{"@type":"BreadcrumbList","@id":"https:\/\/dermatologie-esthetique-monaco.com\/en\/the-institute\/lequipe\/#breadcrumb","itemListElement":[{"@type":"ListItem","position":1,"name":"Accueil","item":"https:\/\/dermatologie-esthetique-monaco.com\/en\/"},{"@type":"ListItem","position":2,"name":"THE INSTITUTE","item":"https:\/\/dermatologie-esthetique-monaco.com\/en\/the-institute\/"},{"@type":"ListItem","position":3,"name":"The team"}]},{"@type":"WebSite","@id":"https:\/\/dermatologie-esthetique-monaco.com\/#website","url":"https:\/\/dermatologie-esthetique-monaco.com\/","name":"Dermatologie Esth\u00e9tique Monaco","description":"Un site utilisant WordPress","potentialAction":[{"@type":"SearchAction","target":{"@type":"EntryPoint","urlTemplate":"https:\/\/dermatologie-esthetique-monaco.com\/?s={search_term_string}"},"query-input":"required name=search_term_string"}],"inLanguage":"en-US"}]}},"_links":{"self":[{"href":"https:\/\/dermatologie-esthetique-monaco.com\/en\/wp-json\/wp\/v2\/pages\/867"}],"collection":[{"href":"https:\/\/dermatologie-esthetique-monaco.com\/en\/wp-json\/wp\/v2\/pages"}],"about":[{"href":"https:\/\/dermatologie-esthetique-monaco.com\/en\/wp-json\/wp\/v2\/types\/page"}],"author":[{"embeddable":true,"href":"https:\/\/dermatologie-esthetique-monaco.com\/en\/wp-json\/wp\/v2\/users\/3"}],"replies":[{"embeddable":true,"href":"https:\/\/dermatologie-esthetique-monaco.com\/en\/wp-json\/wp\/v2\/comments?post=867"}],"version-history":[{"count":1,"href":"https:\/\/dermatologie-esthetique-monaco.com\/en\/wp-json\/wp\/v2\/pages\/867\/revisions"}],"predecessor-version":[{"id":868,"href":"https:\/\/dermatologie-esthetique-monaco.com\/en\/wp-json\/wp\/v2\/pages\/867\/revisions\/868"}],"up":[{"embeddable":true,"href":"https:\/\/dermatologie-esthetique-monaco.com\/en\/wp-json\/wp\/v2\/pages\/272"}],"wp:featuredmedia":[{"embeddable":true,"href":"https:\/\/dermatologie-esthetique-monaco.com\/en\/wp-json\/wp\/v2\/media\/566"}],"wp:attachment":[{"href":"https:\/\/dermatologie-esthetique-monaco.com\/en\/wp-json\/wp\/v2\/media?parent=867"}],"curies":[{"name":"wp","href":"https:\/\/api.w.org\/{rel}","templated":true}]}}