{"id":931,"date":"2018-04-11T09:51:56","date_gmt":"2018-04-11T07:51:56","guid":{"rendered":"https:\/\/dermatologie-esthetique-monaco.com\/dermatology-aesthetics\/kleresca-traitement-biophotonique\/"},"modified":"2019-12-04T14:55:17","modified_gmt":"2019-12-04T13:55:17","slug":"kleresca-traitement-biophotonique","status":"publish","type":"page","link":"https:\/\/dermatologie-esthetique-monaco.com\/en\/dermatology-aesthetics\/kleresca-traitement-biophotonique\/","title":{"rendered":"Kleresca- Peeling biophotonique"},"content":{"rendered":"<h2>Kleresca est un traitement biophotonique unique qui utilise la fluorescence pour stimuler les m\u00e9canismes intrins\u00e8ques de r\u00e9paration de la peau<\/h2>\n<p>La lumi\u00e8re fluorescente a un effet sur les processus biologiques naturels de la peau\u00a0:<\/p>\n<ul>\n<li>Elle \u00e9limine les bact\u00e9ries qui causent l\u2019acn\u00e9<\/li>\n<li>Elle r\u00e9duit l\u2019inflammation<\/li>\n<li>Elle accroit la production de collag\u00e8ne<\/li>\n<li>Elle induit une angiogen\u00e8se (formation de nouveaux vaisseaux sanguins)<\/li>\n<\/ul>\n<p>Kleresca est un traitement \u00e0 actions multiples qui agit sur les diff\u00e9rentes couches de la peau.<br \/>\nKl\u00e9resca est un traitement non invasif aux r\u00e9sultats durables.<br \/>\nLes deux indications principales de Kleresca sont le traitement de l\u2019<strong>acn\u00e9<\/strong> et la <strong>r\u00e9juv\u00e9nation cutan\u00e9e<\/strong>.<\/p>\n<p>&nbsp;<\/p>\n<h2>Kleresca Acne Teatment<\/h2>\n<p>Kleresca permet d\u2019am\u00e9liorer l\u2019acn\u00e9 de mani\u00e8re significative, confortable et tr\u00e8s sure.<\/p>\n<p>Le traitement utilise une lampe multi LED et un gel photoconvertiseur. Les chromophores du gel convertissent les ondes de lumi\u00e8re de la lampe en \u00e9nergie fluorescente et dynamique.<\/p>\n<p>Kleresca est un traitement aux multiples actions qui agit contre les diff\u00e9rents facteurs responsables de l\u2018acn\u00e9. Il r\u00e9duit l\u2019inflammation, d\u00e9truit les bact\u00e9ries pr\u00e9sentes dans les l\u00e9sions acn\u00e9iques et stimule le processus de r\u00e9paration des cicatrices acn\u00e9iques.<\/p>\n<p>Kleresca est un traitement pour tous types d\u2019acn\u00e9, m\u00eame s\u00e9v\u00e8re.<\/p>\n<p>Il est administr\u00e9 deux fois par semaine pendant six semaines.<\/p>\n<p>On constate des am\u00e9liorations notables au cours des derni\u00e8res semaines de traitement<\/p>\n<p>La peau continue \u00e0 s\u2019am\u00e9liorer pendant plusieurs mois apr\u00e8s la fin du traitement.<\/p>\n<p>Bien que l\u2019on puisse ressentir une sensation de chaleur durant l\u2019illumination, la plupart des personnes trait\u00e9es trouvent la technique agr\u00e9able et confortable.<br \/>\nLes effets secondaires observ\u00e9s sont des rougeurs, une hyperpigmentation et une l\u00e9g\u00e8re d\u00e9coloration de la pilosit\u00e9. Ils sont transitoires et totalement r\u00e9versibles.<\/p>\n<p>Kleresca Acne Treatment est un traitement sp\u00e9cifique s\u00fbr et efficace avec des r\u00e9sultats prouv\u00e9s sur le long terme.<\/p>\n<p>&nbsp;<\/p>\n<h2>Kleresca Skin Rejuvenation<\/h2>\n<p>L\u2019aspect innovant de la technologie Kleresca r\u00e9side dans sa capacit\u00e9 \u00e0 cr\u00e9er une \u00e9nergie lumineuse fluorescente qui active les cellules productrices de collag\u00e8ne de la peau.<br \/>\nLes \u00e9tudes ont d\u00e9montr\u00e9 que le traitement Kleresca Skin Rejuvenation induit une augmentation d\u2019environ 400% de la production de collag\u00e8ne.<\/p>\n<p>On observe une am\u00e9lioration\u00a0 globale\u00a0 la qualit\u00e9\u00a0 de la peau, une r\u00e9duction de la taille des pore, une att\u00e9nuation des ridules et une am\u00e9lioration des cicatrices.<br \/>\nEn outre il a \u00e9t\u00e9 d\u00e9montr\u00e9 que Kleresca Skin Rejuvenation continue \u00e0 am\u00e9liorer la qualit\u00e9 de la peau m\u00eame apr\u00e8s la fin du cycle de traitement.<\/p>\n<p>Le visage, le cou, le d\u00e9collet\u00e9 et le dos des mains peuvent \u00eatre trait\u00e9s.<\/p>\n<p>Le traitement complet comprend une s\u00e9ance par semaine pendant quatre semaines.<br \/>\nCertains patients ont signal\u00e9 un effet imm\u00e9diat apr\u00e8s une seule s\u00e9ance.<\/p>\n<p>Kleresca Skin Rejuvenation est un traitement non invasif con\u00e7u pour lutter contre le vieillissement de la peau de fa\u00e7on parfaitement s\u00fbre et efficace.<\/p>\n<h2>Kleresca rosacea treatment<\/h2>\n<p>&nbsp;<\/p>\n","protected":false},"excerpt":{"rendered":"<p>Kleresca est un traitement biophotonique unique qui utilise la fluorescence pour stimuler les m\u00e9canismes intrins\u00e8ques de r\u00e9paration de la peau La lumi\u00e8re fluorescente a un effet sur les processus biologiques naturels de la peau\u00a0: Elle \u00e9limine les bact\u00e9ries qui causent l\u2019acn\u00e9 Elle r\u00e9duit l\u2019inflammation Elle accroit la production de collag\u00e8ne Elle induit une angiogen\u00e8se (formation [&hellip;]<\/p>\n","protected":false},"author":3,"featured_media":668,"parent":301,"menu_order":38,"comment_status":"closed","ping_status":"closed","template":"","meta":{"_acf_changed":false,"footnotes":""},"acf":[],"yoast_head":"<!-- This site is optimized with the Yoast SEO plugin v23.3 - https:\/\/yoast.com\/wordpress\/plugins\/seo\/ -->\n<title>Kleresca- Peeling biophotonique - Dermatologie Esth\u00e9tique Monaco<\/title>\n<meta name=\"robots\" content=\"index, follow, max-snippet:-1, max-image-preview:large, max-video-preview:-1\" \/>\n<link rel=\"canonical\" href=\"https:\/\/dermatologie-esthetique-monaco.com\/en\/dermatology-aesthetics\/kleresca-traitement-biophotonique\/\" \/>\n<meta property=\"og:locale\" content=\"en_US\" \/>\n<meta property=\"og:type\" content=\"article\" \/>\n<meta property=\"og:title\" content=\"Kleresca- Peeling biophotonique - Dermatologie Esth\u00e9tique Monaco\" \/>\n<meta property=\"og:description\" content=\"Kleresca est un traitement biophotonique unique qui utilise la fluorescence pour stimuler les m\u00e9canismes intrins\u00e8ques de r\u00e9paration de la peau La lumi\u00e8re fluorescente a un effet sur les processus biologiques naturels de la peau\u00a0: Elle \u00e9limine les bact\u00e9ries qui causent l\u2019acn\u00e9 Elle r\u00e9duit l\u2019inflammation Elle accroit la production de collag\u00e8ne Elle induit une angiogen\u00e8se (formation [&hellip;]\" \/>\n<meta property=\"og:url\" content=\"https:\/\/dermatologie-esthetique-monaco.com\/en\/dermatology-aesthetics\/kleresca-traitement-biophotonique\/\" \/>\n<meta property=\"og:site_name\" content=\"Dermatologie Esth\u00e9tique Monaco\" \/>\n<meta property=\"article:modified_time\" content=\"2019-12-04T13:55:17+00:00\" \/>\n<meta property=\"og:image\" content=\"https:\/\/dermatologie-esthetique-monaco.com\/wp-content\/uploads\/2018\/04\/IMG_6054.jpg\" \/>\n\t<meta property=\"og:image:width\" content=\"4032\" \/>\n\t<meta property=\"og:image:height\" content=\"3024\" \/>\n\t<meta property=\"og:image:type\" content=\"image\/jpeg\" \/>\n<meta name=\"twitter:card\" content=\"summary_large_image\" \/>\n<meta name=\"twitter:label1\" content=\"Est. reading time\" \/>\n\t<meta name=\"twitter:data1\" content=\"3 minutes\" \/>\n<script type=\"application\/ld+json\" class=\"yoast-schema-graph\">{\"@context\":\"https:\/\/schema.org\",\"@graph\":[{\"@type\":\"WebPage\",\"@id\":\"https:\/\/dermatologie-esthetique-monaco.com\/en\/dermatology-aesthetics\/kleresca-traitement-biophotonique\/\",\"url\":\"https:\/\/dermatologie-esthetique-monaco.com\/en\/dermatology-aesthetics\/kleresca-traitement-biophotonique\/\",\"name\":\"Kleresca- Peeling biophotonique - Dermatologie Esth\u00e9tique Monaco\",\"isPartOf\":{\"@id\":\"https:\/\/dermatologie-esthetique-monaco.com\/#website\"},\"primaryImageOfPage\":{\"@id\":\"https:\/\/dermatologie-esthetique-monaco.com\/en\/dermatology-aesthetics\/kleresca-traitement-biophotonique\/#primaryimage\"},\"image\":{\"@id\":\"https:\/\/dermatologie-esthetique-monaco.com\/en\/dermatology-aesthetics\/kleresca-traitement-biophotonique\/#primaryimage\"},\"thumbnailUrl\":\"https:\/\/dermatologie-esthetique-monaco.com\/wp-content\/uploads\/2018\/04\/IMG_6054.jpg\",\"datePublished\":\"2018-04-11T07:51:56+00:00\",\"dateModified\":\"2019-12-04T13:55:17+00:00\",\"breadcrumb\":{\"@id\":\"https:\/\/dermatologie-esthetique-monaco.com\/en\/dermatology-aesthetics\/kleresca-traitement-biophotonique\/#breadcrumb\"},\"inLanguage\":\"en-US\",\"potentialAction\":[{\"@type\":\"ReadAction\",\"target\":[\"https:\/\/dermatologie-esthetique-monaco.com\/en\/dermatology-aesthetics\/kleresca-traitement-biophotonique\/\"]}]},{\"@type\":\"ImageObject\",\"inLanguage\":\"en-US\",\"@id\":\"https:\/\/dermatologie-esthetique-monaco.com\/en\/dermatology-aesthetics\/kleresca-traitement-biophotonique\/#primaryimage\",\"url\":\"https:\/\/dermatologie-esthetique-monaco.com\/wp-content\/uploads\/2018\/04\/IMG_6054.jpg\",\"contentUrl\":\"https:\/\/dermatologie-esthetique-monaco.com\/wp-content\/uploads\/2018\/04\/IMG_6054.jpg\",\"width\":4032,\"height\":3024},{\"@type\":\"BreadcrumbList\",\"@id\":\"https:\/\/dermatologie-esthetique-monaco.com\/en\/dermatology-aesthetics\/kleresca-traitement-biophotonique\/#breadcrumb\",\"itemListElement\":[{\"@type\":\"ListItem\",\"position\":1,\"name\":\"Accueil\",\"item\":\"https:\/\/dermatologie-esthetique-monaco.com\/en\/\"},{\"@type\":\"ListItem\",\"position\":2,\"name\":\"DERMATOLOGY AESTHETICS\",\"item\":\"https:\/\/dermatologie-esthetique-monaco.com\/en\/dermatology-aesthetics\/\"},{\"@type\":\"ListItem\",\"position\":3,\"name\":\"Kleresca- Peeling biophotonique\"}]},{\"@type\":\"WebSite\",\"@id\":\"https:\/\/dermatologie-esthetique-monaco.com\/#website\",\"url\":\"https:\/\/dermatologie-esthetique-monaco.com\/\",\"name\":\"Dermatologie Esth\u00e9tique Monaco\",\"description\":\"Un site utilisant WordPress\",\"potentialAction\":[{\"@type\":\"SearchAction\",\"target\":{\"@type\":\"EntryPoint\",\"urlTemplate\":\"https:\/\/dermatologie-esthetique-monaco.com\/?s={search_term_string}\"},\"query-input\":\"required name=search_term_string\"}],\"inLanguage\":\"en-US\"}]}<\/script>\n<!-- \/ Yoast SEO plugin. -->","yoast_head_json":{"title":"Kleresca- Peeling biophotonique - Dermatologie Esth\u00e9tique Monaco","robots":{"index":"index","follow":"follow","max-snippet":"max-snippet:-1","max-image-preview":"max-image-preview:large","max-video-preview":"max-video-preview:-1"},"canonical":"https:\/\/dermatologie-esthetique-monaco.com\/en\/dermatology-aesthetics\/kleresca-traitement-biophotonique\/","og_locale":"en_US","og_type":"article","og_title":"Kleresca- Peeling biophotonique - Dermatologie Esth\u00e9tique Monaco","og_description":"Kleresca est un traitement biophotonique unique qui utilise la fluorescence pour stimuler les m\u00e9canismes intrins\u00e8ques de r\u00e9paration de la peau La lumi\u00e8re fluorescente a un effet sur les processus biologiques naturels de la peau\u00a0: Elle \u00e9limine les bact\u00e9ries qui causent l\u2019acn\u00e9 Elle r\u00e9duit l\u2019inflammation Elle accroit la production de collag\u00e8ne Elle induit une angiogen\u00e8se (formation [&hellip;]","og_url":"https:\/\/dermatologie-esthetique-monaco.com\/en\/dermatology-aesthetics\/kleresca-traitement-biophotonique\/","og_site_name":"Dermatologie Esth\u00e9tique Monaco","article_modified_time":"2019-12-04T13:55:17+00:00","og_image":[{"width":4032,"height":3024,"url":"https:\/\/dermatologie-esthetique-monaco.com\/wp-content\/uploads\/2018\/04\/IMG_6054.jpg","type":"image\/jpeg"}],"twitter_card":"summary_large_image","twitter_misc":{"Est. reading time":"3 minutes"},"schema":{"@context":"https:\/\/schema.org","@graph":[{"@type":"WebPage","@id":"https:\/\/dermatologie-esthetique-monaco.com\/en\/dermatology-aesthetics\/kleresca-traitement-biophotonique\/","url":"https:\/\/dermatologie-esthetique-monaco.com\/en\/dermatology-aesthetics\/kleresca-traitement-biophotonique\/","name":"Kleresca- Peeling biophotonique - Dermatologie Esth\u00e9tique Monaco","isPartOf":{"@id":"https:\/\/dermatologie-esthetique-monaco.com\/#website"},"primaryImageOfPage":{"@id":"https:\/\/dermatologie-esthetique-monaco.com\/en\/dermatology-aesthetics\/kleresca-traitement-biophotonique\/#primaryimage"},"image":{"@id":"https:\/\/dermatologie-esthetique-monaco.com\/en\/dermatology-aesthetics\/kleresca-traitement-biophotonique\/#primaryimage"},"thumbnailUrl":"https:\/\/dermatologie-esthetique-monaco.com\/wp-content\/uploads\/2018\/04\/IMG_6054.jpg","datePublished":"2018-04-11T07:51:56+00:00","dateModified":"2019-12-04T13:55:17+00:00","breadcrumb":{"@id":"https:\/\/dermatologie-esthetique-monaco.com\/en\/dermatology-aesthetics\/kleresca-traitement-biophotonique\/#breadcrumb"},"inLanguage":"en-US","potentialAction":[{"@type":"ReadAction","target":["https:\/\/dermatologie-esthetique-monaco.com\/en\/dermatology-aesthetics\/kleresca-traitement-biophotonique\/"]}]},{"@type":"ImageObject","inLanguage":"en-US","@id":"https:\/\/dermatologie-esthetique-monaco.com\/en\/dermatology-aesthetics\/kleresca-traitement-biophotonique\/#primaryimage","url":"https:\/\/dermatologie-esthetique-monaco.com\/wp-content\/uploads\/2018\/04\/IMG_6054.jpg","contentUrl":"https:\/\/dermatologie-esthetique-monaco.com\/wp-content\/uploads\/2018\/04\/IMG_6054.jpg","width":4032,"height":3024},{"@type":"BreadcrumbList","@id":"https:\/\/dermatologie-esthetique-monaco.com\/en\/dermatology-aesthetics\/kleresca-traitement-biophotonique\/#breadcrumb","itemListElement":[{"@type":"ListItem","position":1,"name":"Accueil","item":"https:\/\/dermatologie-esthetique-monaco.com\/en\/"},{"@type":"ListItem","position":2,"name":"DERMATOLOGY AESTHETICS","item":"https:\/\/dermatologie-esthetique-monaco.com\/en\/dermatology-aesthetics\/"},{"@type":"ListItem","position":3,"name":"Kleresca- Peeling biophotonique"}]},{"@type":"WebSite","@id":"https:\/\/dermatologie-esthetique-monaco.com\/#website","url":"https:\/\/dermatologie-esthetique-monaco.com\/","name":"Dermatologie Esth\u00e9tique Monaco","description":"Un site utilisant WordPress","potentialAction":[{"@type":"SearchAction","target":{"@type":"EntryPoint","urlTemplate":"https:\/\/dermatologie-esthetique-monaco.com\/?s={search_term_string}"},"query-input":"required name=search_term_string"}],"inLanguage":"en-US"}]}},"_links":{"self":[{"href":"https:\/\/dermatologie-esthetique-monaco.com\/en\/wp-json\/wp\/v2\/pages\/931"}],"collection":[{"href":"https:\/\/dermatologie-esthetique-monaco.com\/en\/wp-json\/wp\/v2\/pages"}],"about":[{"href":"https:\/\/dermatologie-esthetique-monaco.com\/en\/wp-json\/wp\/v2\/types\/page"}],"author":[{"embeddable":true,"href":"https:\/\/dermatologie-esthetique-monaco.com\/en\/wp-json\/wp\/v2\/users\/3"}],"replies":[{"embeddable":true,"href":"https:\/\/dermatologie-esthetique-monaco.com\/en\/wp-json\/wp\/v2\/comments?post=931"}],"version-history":[{"count":3,"href":"https:\/\/dermatologie-esthetique-monaco.com\/en\/wp-json\/wp\/v2\/pages\/931\/revisions"}],"predecessor-version":[{"id":974,"href":"https:\/\/dermatologie-esthetique-monaco.com\/en\/wp-json\/wp\/v2\/pages\/931\/revisions\/974"}],"up":[{"embeddable":true,"href":"https:\/\/dermatologie-esthetique-monaco.com\/en\/wp-json\/wp\/v2\/pages\/301"}],"wp:featuredmedia":[{"embeddable":true,"href":"https:\/\/dermatologie-esthetique-monaco.com\/en\/wp-json\/wp\/v2\/media\/668"}],"wp:attachment":[{"href":"https:\/\/dermatologie-esthetique-monaco.com\/en\/wp-json\/wp\/v2\/media?parent=931"}],"curies":[{"name":"wp","href":"https:\/\/api.w.org\/{rel}","templated":true}]}}